{"id":3310,"date":"2025-01-29T10:00:34","date_gmt":"2025-01-29T10:00:34","guid":{"rendered":"https:\/\/gerold.themejunction.net\/?page_id=3310"},"modified":"2025-01-29T10:00:34","modified_gmt":"2025-01-29T10:00:34","slug":"my-services","status":"publish","type":"page","link":"https:\/\/fedeserri.com\/en\/my-services\/","title":{"rendered":"My Services"},"content":{"rendered":"<div data-elementor-type=\"wp-page\" data-elementor-id=\"3310\" class=\"elementor elementor-3310\" data-elementor-post-type=\"page\">\n\t\t\t\t<div class=\"elementor-element elementor-element-ce7d16a e-con-full e-flex e-con e-parent\" data-id=\"ce7d16a\" data-element_type=\"container\">\n\t\t\t\t<div class=\"elementor-element elementor-element-ec39d02 elementor-widget elementor-widget-tj-page-header\" data-id=\"ec39d02\" data-element_type=\"widget\" data-widget_type=\"tj-page-header.default\">\n\t\t\t\t<div class=\"elementor-widget-container\">\n\t\t\t\t\t\n<div class=\"breadcrumb_area\" data-bg-image=\"&quot;https:\/\/gerold.themejunction.net\/wp-content\/uploads\/2024\/05\/breadcrumb-bg.jpg&quot;\">\n  <div class=\"container\">\n    <div class=\"row\">\n      <div class=\"col\">\n        <div class=\"breadcrumb_content d-flex flex-column align-items-center\">\n\n          <h1 class=\"title\">My Services<\/h1>\n                      <div class=\"breadcrumb_navigation wow fadeInUp\" data-wow-delay=\".5s\">\n              <span property=\"itemListElement\" typeof=\"ListItem\"><a property=\"item\" typeof=\"WebPage\" title=\"Go to Home.\" href=\"https:\/\/fedeserri.com\/en\" class=\"home\" ><span property=\"name\">Home<\/span><\/a><meta property=\"position\" content=\"1\"><\/span> &gt; <span property=\"itemListElement\" typeof=\"ListItem\"><a property=\"item\" typeof=\"WebPage\" title=\"Go to Blog.\" href=\"https:\/\/fedeserri.com\/en\/blog\/\" class=\"post-root post post-post\" aria-current=\"page\"><span property=\"name\">Blog<\/span><\/a><meta property=\"position\" content=\"2\"><\/span>            <\/div>\n          \n        <\/div>\n      <\/div>\n    <\/div>\n  <\/div>\n<\/div>\n\n\t\t\t\t<\/div>\n\t\t\t\t<\/div>\n\t\t\t\t<\/div>\n\t\t<div class=\"elementor-element elementor-element-87f1943 e-flex e-con-boxed e-con e-parent\" data-id=\"87f1943\" data-element_type=\"container\" data-settings=\"{&quot;background_background&quot;:&quot;classic&quot;}\">\n\t\t\t\t\t<div class=\"e-con-inner\">\n\t\t<div class=\"elementor-element elementor-element-6ee727c e-con-full e-flex e-con e-child\" data-id=\"6ee727c\" data-element_type=\"container\">\n\t\t\t\t<div class=\"elementor-element elementor-element-e793e8f elementor-widget elementor-widget-tj-services\" data-id=\"e793e8f\" data-element_type=\"widget\" data-widget_type=\"tj-services.default\">\n\t\t\t\t<div class=\"elementor-widget-container\">\n\t\t\t\t\t<div class=\"tj_services\">\n      <div class=\"row\">\n      <div class=\"col-12\">\n        <div class=\"services-widget position-relative\">\n                      <div class=\"service-item current d-flex flex-wrap align-items-center wow fadeInUp\" data-wow-delay=\"0.3s\">\n              <div class=\"left-box d-flex\">\n                <span class=\"number\">01<\/span>\n                <h3 class=\"service-title\">Web Design and Development<\/h3>\n              <\/div>\n              <div class=\"right-box\">\n                                  <p>Dise\u00f1o sitios web modernos, funcionales y optimizados con WordPress y Elementor. Me enfoco en lograr...<\/p>\n                              <\/div>\n              <i class=\"flaticon-up-right-arrow\"><\/i>\n              <a href=\"https:\/\/fedeserri.com\/en\/services\/web-development\/\" class=\"service-link\"><\/a>\n            <\/div>\n                      <div class=\"service-item  d-flex flex-wrap align-items-center wow fadeInUp\" data-wow-delay=\"0.4s\">\n              <div class=\"left-box d-flex\">\n                <span class=\"number\">02<\/span>\n                <h3 class=\"service-title\">Responsive Design and Optimization<\/h3>\n              <\/div>\n              <div class=\"right-box\">\n                                  <p>Me aseguro de que cada sitio que creo funcione correctamente en celulares, tablets y computadoras....<\/p>\n                              <\/div>\n              <i class=\"flaticon-up-right-arrow\"><\/i>\n              <a href=\"https:\/\/fedeserri.com\/en\/services\/ui-ux-design\/\" class=\"service-link\"><\/a>\n            <\/div>\n                      <div class=\"service-item  d-flex flex-wrap align-items-center wow fadeInUp\" data-wow-delay=\"0.5s\">\n              <div class=\"left-box d-flex\">\n                <span class=\"number\">03<\/span>\n                <h3 class=\"service-title\">Website Redesign<\/h3>\n              <\/div>\n              <div class=\"right-box\">\n                                  <p>Renuevo sitios web antiguos o poco atractivos para darles un look moderno, profesional y alineado...<\/p>\n                              <\/div>\n              <i class=\"flaticon-up-right-arrow\"><\/i>\n              <a href=\"https:\/\/fedeserri.com\/en\/services\/content-writing\/\" class=\"service-link\"><\/a>\n            <\/div>\n                      <div class=\"service-item  d-flex flex-wrap align-items-center wow fadeInUp\" data-wow-delay=\"0.6s\">\n              <div class=\"left-box d-flex\">\n                <span class=\"number\">04<\/span>\n                <h3 class=\"service-title\">Web Support and Maintenance<\/h3>\n              <\/div>\n              <div class=\"right-box\">\n                                  <p>Ofrezco soporte t\u00e9cnico y mantenimiento b\u00e1sico para que tu sitio siempre est\u00e9 actualizado, seguro y...<\/p>\n                              <\/div>\n              <i class=\"flaticon-up-right-arrow\"><\/i>\n              <a href=\"https:\/\/fedeserri.com\/en\/services\/digital-marketing\/\" class=\"service-link\"><\/a>\n            <\/div>\n          \n          <div class=\"active-bg wow fadeInUp\" data-wow-delay=\"0.4s\"><\/div>\n        <\/div>\n      <\/div>\n    <\/div>\n  <\/div>\n\n\t\t\t\t<\/div>\n\t\t\t\t<\/div>\n\t\t\t\t<\/div>\n\t\t\t\t\t<\/div>\n\t\t\t\t<\/div>\n\t\t\t\t<\/div>","protected":false},"excerpt":{"rendered":"<p>My Services Home &gt; Blog 01 Web Development Conducting qualitative and quantitative research to understand user needs, behaviors, and pain points. Utilizing methods&#8230; 02 UI\/UX Design Conducting qualitative and quantitative research to understand user needs, behaviors, and pain points. Utilizing methods&#8230; 03 Content Writing Conducting qualitative and quantitative research to understand user needs, behaviors, and [&hellip;]<\/p>\n","protected":false},"author":1,"featured_media":0,"parent":0,"menu_order":0,"comment_status":"closed","ping_status":"closed","template":"elementor_header_footer","meta":{"_acf_changed":false,"footnotes":""},"class_list":["post-3310","page","type-page","status-publish","hentry"],"acf":[],"_links":{"self":[{"href":"https:\/\/fedeserri.com\/en\/wp-json\/wp\/v2\/pages\/3310","targetHints":{"allow":["GET"]}}],"collection":[{"href":"https:\/\/fedeserri.com\/en\/wp-json\/wp\/v2\/pages"}],"about":[{"href":"https:\/\/fedeserri.com\/en\/wp-json\/wp\/v2\/types\/page"}],"author":[{"embeddable":true,"href":"https:\/\/fedeserri.com\/en\/wp-json\/wp\/v2\/users\/1"}],"replies":[{"embeddable":true,"href":"https:\/\/fedeserri.com\/en\/wp-json\/wp\/v2\/comments?post=3310"}],"version-history":[{"count":0,"href":"https:\/\/fedeserri.com\/en\/wp-json\/wp\/v2\/pages\/3310\/revisions"}],"wp:attachment":[{"href":"https:\/\/fedeserri.com\/en\/wp-json\/wp\/v2\/media?parent=3310"}],"curies":[{"name":"wp","href":"https:\/\/api.w.org\/{rel}","templated":true}]}}